{"id":43,"date":"2017-04-14T17:58:30","date_gmt":"2017-04-14T15:58:30","guid":{"rendered":"https:\/\/www.musicrea-jmc.fr\/boutique\/?post_type=product&#038;p=43"},"modified":"2020-05-11T11:35:07","modified_gmt":"2020-05-11T09:35:07","slug":"passacaille-variee-en-sol-mineur-haendel","status":"publish","type":"product","link":"https:\/\/www.musicrea-jmc.fr\/boutique\/produit\/passacaille-variee-en-sol-mineur-haendel\/","title":{"rendered":"N\u00b06 Passacaille vari\u00e9e en Sol mineur G.F. HAENDEL"},"content":{"rendered":"<p><strong>Niveau\u00a0: 3 \u00e0 4 ann\u00e9es de clavier<\/strong><\/p>\n<ul>\n<li>2 Partitions pr\u00eates pour l\u2019impression recto verso (version avec doigt\u00e9s+version sans doigt\u00e9)<\/li>\n<li>Enregistrements audio main droite seule et main gauche seule (tempo mod\u00e9r\u00e9), mains ensemble (a tempo).<\/li>\n<li>Trois didacticiels vid\u00e9o (partition d\u00e9filante, notes et doigt\u00e9s \u00e9clair\u00e9s en correspondance avec la vue clavier).<\/li>\n<\/ul>\n<p><strong>Disponible en t\u00e9l\u00e9chargement imm\u00e9diat.<br \/>\n<\/strong><\/p>\n<p><span style=\"text-decoration: underline;\"><em><strong>Extrait :<\/strong><\/em><\/span><\/p>\n<audio class=\"wp-audio-shortcode\" id=\"audio-43-1\" preload=\"none\" style=\"width: 100%;\" controls=\"controls\"><source type=\"audio\/mpeg\" src=\"https:\/\/www.musicrea-jmc.fr\/boutique\/wp-content\/uploads\/sites\/2\/2017\/04\/Passacaille_ME.mp3?_=1\" \/><a href=\"https:\/\/www.musicrea-jmc.fr\/boutique\/wp-content\/uploads\/sites\/2\/2017\/04\/Passacaille_ME.mp3\">https:\/\/www.musicrea-jmc.fr\/boutique\/wp-content\/uploads\/sites\/2\/2017\/04\/Passacaille_ME.mp3<\/a><\/audio>\n","protected":false},"excerpt":{"rendered":"<p>Niveau\u00a0: 3 \u00e0 4 ann\u00e9es de clavier 2 Partitions pr\u00eates pour l\u2019impression recto verso (version avec doigt\u00e9s+version sans doigt\u00e9) Enregistrements audio main droite seule et main gauche seule (tempo mod\u00e9r\u00e9), mains ensemble (a tempo). Trois didacticiels vid\u00e9o (partition d\u00e9filante, notes et doigt\u00e9s \u00e9clair\u00e9s en correspondance avec la vue clavier). Disponible en t\u00e9l\u00e9chargement imm\u00e9diat. Extrait :<\/p>\n","protected":false},"featured_media":83,"comment_status":"closed","ping_status":"closed","template":"","meta":[],"product_brand":[],"product_cat":[17],"product_tag":[],"class_list":{"0":"post-43","1":"product","2":"type-product","3":"status-publish","4":"has-post-thumbnail","6":"product_cat-les-clefs-du-clavier","8":"first","9":"instock","10":"sale","11":"downloadable","12":"virtual","13":"purchasable","14":"product-type-simple"},"jetpack_sharing_enabled":true,"_links":{"self":[{"href":"https:\/\/www.musicrea-jmc.fr\/boutique\/wp-json\/wp\/v2\/product\/43","targetHints":{"allow":["GET"]}}],"collection":[{"href":"https:\/\/www.musicrea-jmc.fr\/boutique\/wp-json\/wp\/v2\/product"}],"about":[{"href":"https:\/\/www.musicrea-jmc.fr\/boutique\/wp-json\/wp\/v2\/types\/product"}],"replies":[{"embeddable":true,"href":"https:\/\/www.musicrea-jmc.fr\/boutique\/wp-json\/wp\/v2\/comments?post=43"}],"wp:featuredmedia":[{"embeddable":true,"href":"https:\/\/www.musicrea-jmc.fr\/boutique\/wp-json\/wp\/v2\/media\/83"}],"wp:attachment":[{"href":"https:\/\/www.musicrea-jmc.fr\/boutique\/wp-json\/wp\/v2\/media?parent=43"}],"wp:term":[{"taxonomy":"product_brand","embeddable":true,"href":"https:\/\/www.musicrea-jmc.fr\/boutique\/wp-json\/wp\/v2\/product_brand?post=43"},{"taxonomy":"product_cat","embeddable":true,"href":"https:\/\/www.musicrea-jmc.fr\/boutique\/wp-json\/wp\/v2\/product_cat?post=43"},{"taxonomy":"product_tag","embeddable":true,"href":"https:\/\/www.musicrea-jmc.fr\/boutique\/wp-json\/wp\/v2\/product_tag?post=43"}],"curies":[{"name":"wp","href":"https:\/\/api.w.org\/{rel}","templated":true}]}}