{"id":238,"date":"2019-02-05T10:59:36","date_gmt":"2019-02-05T09:59:36","guid":{"rendered":"https:\/\/www.musicrea-jmc.fr\/boutique\/?post_type=product&#038;p=238"},"modified":"2020-05-11T11:39:30","modified_gmt":"2020-05-11T09:39:30","slug":"valse-mozart","status":"publish","type":"product","link":"https:\/\/www.musicrea-jmc.fr\/boutique\/produit\/valse-mozart\/","title":{"rendered":"VALSE &#8211; W.A MOZART"},"content":{"rendered":"<p><iframe loading=\"lazy\" src=\"\/\/www.youtube.com\/embed\/CymHYPKaFW8\" width=\"560\" height=\"314\" allowfullscreen=\"allowfullscreen\"><\/iframe><\/p>\n<p>&nbsp;<\/p>\n<p><strong>Valse<\/strong> &#8211; W.A Mozart<\/p>\n<p>Niveau : premi\u00e8res ann\u00e9es de piano.<\/p>\n<ul>\n<li>La partition (pr\u00eate pour l&#8217;impression recto-verso, avec les doigt\u00e9s)<\/li>\n<li>La vid\u00e9o <em>&#8220;A tempo&#8221;<\/em><\/li>\n<li>Le tutoriel vid\u00e9o (double vue clavier et partition d\u00e9roulante)<\/li>\n<\/ul>\n<p><em>Le Pack est disponible par t\u00e9l\u00e9chargement direct.<\/em><\/p>\n","protected":false},"excerpt":{"rendered":"<p>&nbsp; Valse &#8211; W.A Mozart Niveau : premi\u00e8res ann\u00e9es de piano. La partition (pr\u00eate pour l&#8217;impression recto-verso, avec les doigt\u00e9s) La vid\u00e9o &#8220;A tempo&#8221; Le tutoriel vid\u00e9o (double vue clavier et partition d\u00e9roulante) Le Pack est disponible par t\u00e9l\u00e9chargement direct.<\/p>\n","protected":false},"featured_media":245,"comment_status":"closed","ping_status":"closed","template":"","meta":[],"product_brand":[],"product_cat":[17],"product_tag":[],"class_list":{"0":"post-238","1":"product","2":"type-product","3":"status-publish","4":"has-post-thumbnail","6":"product_cat-les-clefs-du-clavier","8":"first","9":"instock","10":"downloadable","11":"virtual","12":"purchasable","13":"product-type-simple"},"jetpack_sharing_enabled":true,"_links":{"self":[{"href":"https:\/\/www.musicrea-jmc.fr\/boutique\/wp-json\/wp\/v2\/product\/238","targetHints":{"allow":["GET"]}}],"collection":[{"href":"https:\/\/www.musicrea-jmc.fr\/boutique\/wp-json\/wp\/v2\/product"}],"about":[{"href":"https:\/\/www.musicrea-jmc.fr\/boutique\/wp-json\/wp\/v2\/types\/product"}],"replies":[{"embeddable":true,"href":"https:\/\/www.musicrea-jmc.fr\/boutique\/wp-json\/wp\/v2\/comments?post=238"}],"wp:featuredmedia":[{"embeddable":true,"href":"https:\/\/www.musicrea-jmc.fr\/boutique\/wp-json\/wp\/v2\/media\/245"}],"wp:attachment":[{"href":"https:\/\/www.musicrea-jmc.fr\/boutique\/wp-json\/wp\/v2\/media?parent=238"}],"wp:term":[{"taxonomy":"product_brand","embeddable":true,"href":"https:\/\/www.musicrea-jmc.fr\/boutique\/wp-json\/wp\/v2\/product_brand?post=238"},{"taxonomy":"product_cat","embeddable":true,"href":"https:\/\/www.musicrea-jmc.fr\/boutique\/wp-json\/wp\/v2\/product_cat?post=238"},{"taxonomy":"product_tag","embeddable":true,"href":"https:\/\/www.musicrea-jmc.fr\/boutique\/wp-json\/wp\/v2\/product_tag?post=238"}],"curies":[{"name":"wp","href":"https:\/\/api.w.org\/{rel}","templated":true}]}}