{"id":237,"date":"2019-02-05T11:00:47","date_gmt":"2019-02-05T10:00:47","guid":{"rendered":"https:\/\/www.musicrea-jmc.fr\/boutique\/?post_type=product&#038;p=237"},"modified":"2020-05-11T11:41:32","modified_gmt":"2020-05-11T09:41:32","slug":"valse-lente-delibes","status":"publish","type":"product","link":"https:\/\/www.musicrea-jmc.fr\/boutique\/produit\/valse-lente-delibes\/","title":{"rendered":"VALSE LENTE &#8211; L. DELIBES"},"content":{"rendered":"<p><iframe loading=\"lazy\" src=\"\/\/www.youtube.com\/embed\/xkdtFbWmz8I\" width=\"560\" height=\"314\" allowfullscreen=\"allowfullscreen\"><\/iframe><\/p>\n<p><strong>Valse lente<\/strong> &#8211; L\u00e9o Delibes<\/p>\n<p>Niveau : premi\u00e8res ann\u00e9es de piano.<\/p>\n<ul>\n<li>La partition (pr\u00eate pour l&#8217;impression recto-verso, avec les doigt\u00e9s)<\/li>\n<li>La vid\u00e9o <em>&#8220;A tempo&#8221;<\/em><\/li>\n<li>Le tutoriel vid\u00e9o (double vue clavier et partition d\u00e9roulante)<\/li>\n<\/ul>\n<p><em>Le Pack est disponible par t\u00e9l\u00e9chargement direct.<\/em><\/p>\n","protected":false},"excerpt":{"rendered":"<p>Valse lente &#8211; L\u00e9o Delibes Niveau : premi\u00e8res ann\u00e9es de piano. La partition (pr\u00eate pour l&#8217;impression recto-verso, avec les doigt\u00e9s) La vid\u00e9o &#8220;A tempo&#8221; Le tutoriel vid\u00e9o (double vue clavier et partition d\u00e9roulante) Le Pack est disponible par t\u00e9l\u00e9chargement direct.<\/p>\n","protected":false},"featured_media":244,"comment_status":"closed","ping_status":"closed","template":"","meta":[],"product_brand":[],"product_cat":[17],"product_tag":[],"class_list":{"0":"post-237","1":"product","2":"type-product","3":"status-publish","4":"has-post-thumbnail","6":"product_cat-les-clefs-du-clavier","8":"first","9":"instock","10":"downloadable","11":"virtual","12":"purchasable","13":"product-type-simple"},"jetpack_sharing_enabled":true,"_links":{"self":[{"href":"https:\/\/www.musicrea-jmc.fr\/boutique\/wp-json\/wp\/v2\/product\/237","targetHints":{"allow":["GET"]}}],"collection":[{"href":"https:\/\/www.musicrea-jmc.fr\/boutique\/wp-json\/wp\/v2\/product"}],"about":[{"href":"https:\/\/www.musicrea-jmc.fr\/boutique\/wp-json\/wp\/v2\/types\/product"}],"replies":[{"embeddable":true,"href":"https:\/\/www.musicrea-jmc.fr\/boutique\/wp-json\/wp\/v2\/comments?post=237"}],"wp:featuredmedia":[{"embeddable":true,"href":"https:\/\/www.musicrea-jmc.fr\/boutique\/wp-json\/wp\/v2\/media\/244"}],"wp:attachment":[{"href":"https:\/\/www.musicrea-jmc.fr\/boutique\/wp-json\/wp\/v2\/media?parent=237"}],"wp:term":[{"taxonomy":"product_brand","embeddable":true,"href":"https:\/\/www.musicrea-jmc.fr\/boutique\/wp-json\/wp\/v2\/product_brand?post=237"},{"taxonomy":"product_cat","embeddable":true,"href":"https:\/\/www.musicrea-jmc.fr\/boutique\/wp-json\/wp\/v2\/product_cat?post=237"},{"taxonomy":"product_tag","embeddable":true,"href":"https:\/\/www.musicrea-jmc.fr\/boutique\/wp-json\/wp\/v2\/product_tag?post=237"}],"curies":[{"name":"wp","href":"https:\/\/api.w.org\/{rel}","templated":true}]}}