{"id":203,"date":"2018-11-14T17:03:08","date_gmt":"2018-11-14T16:03:08","guid":{"rendered":"https:\/\/www.musicrea-jmc.fr\/boutique\/?post_type=product&#038;p=203"},"modified":"2020-05-11T11:38:10","modified_gmt":"2020-05-11T09:38:10","slug":"improviser-sur-les-accords-de-quintes","status":"publish","type":"product","link":"https:\/\/www.musicrea-jmc.fr\/boutique\/produit\/improviser-sur-les-accords-de-quintes\/","title":{"rendered":"&#8220;Piano, des Clefs pour Improviser&#8221; : N\u00b01 Improviser sur les accords de quintes"},"content":{"rendered":"<iframe loading=\"lazy\"  style=\"display: block; margin: 0px auto;\"  id=\"_ytid_96364\"  width=\"640\" height=\"360\"  data-origwidth=\"640\" data-origheight=\"360\" src=\"https:\/\/www.youtube.com\/embed\/dqmcscpP01M?enablejsapi=1&autoplay=0&cc_load_policy=0&cc_lang_pref=&iv_load_policy=1&loop=0&rel=0&fs=1&playsinline=0&autohide=2&hl=fr_FR&theme=dark&color=red&controls=1&disablekb=0&\" class=\"__youtube_prefs__  no-lazyload\" title=\"YouTube player\"  allow=\"fullscreen; accelerometer; autoplay; clipboard-write; encrypted-media; gyroscope; picture-in-picture; web-share\" referrerpolicy=\"strict-origin-when-cross-origin\" allowfullscreen data-no-lazy=\"1\" data-skipgform_ajax_framebjll=\"\"><\/iframe>\n<p>&nbsp;<\/p>\n<p>Premier de la s\u00e9rie <strong>&#8220;Piano, des Clefs pour Improviser&#8221;<\/strong>, ce cours vid\u00e9o t\u00e9l\u00e9chargeable vous dira tout sur les accords majeurs et mineurs, des exercices de base \u00e0 l&#8217;improvisation finale.<\/p>\n<p>Le Pack t\u00e9l\u00e9chargeable comprend le cours vid\u00e9o (MP4), le chapitrage complet du film, les partitions au format PDF.<\/p>\n<p>&nbsp;<\/p>\n<p align=\"CENTER\"><span style=\"font-size: large;\"><b>IMPROVISER SUR LES ACCORDS DE QUINTES<\/b><\/span><\/p>\n<p align=\"CENTER\"><span style=\"font-size: large;\"><i><b>Sommaire du cours vid\u00e9o<\/b><\/i><\/span><\/p>\n<p align=\"LEFT\"><span style=\"font-size: large;\"><i><b>1\u00e8re partie<\/b><\/i><\/span><\/p>\n<ul>\n<li><span style=\"font-size: large;\">Les positions de l&#8217;accord de quinte<\/span><\/li>\n<li><span style=\"font-size: large;\">Comment construire tout accord majeur ou mineur<\/span><\/li>\n<li><span style=\"font-size: large;\">Les positions de bases de l&#8217;accord de quinte<\/span><\/li>\n<li><span style=\"font-size: large;\">Exercice\u00a0: parcourir le clavier sur une harmonie<\/span><\/li>\n<li><span style=\"font-size: large;\">Encha\u00eenement des accords<\/span><\/li>\n<li><span style=\"font-size: large;\">Exercice\u00a0: cycle des accords de quintes<\/span><\/li>\n<li><span style=\"font-size: large;\">L&#8217;exercice dans les six positions diff\u00e9rentes de l&#8217;accord<\/span><\/li>\n<\/ul>\n<p align=\"LEFT\"><span style=\"font-size: large;\"><strong>2\u00e8me<\/strong> <i><b>partie<\/b><\/i><\/span><\/p>\n<ul>\n<li><span style=\"font-size: large;\">Les trois formules pianistiques<\/span><\/li>\n<li><span style=\"font-size: large;\">1\u00e8re formule<\/span><\/li>\n<li><span style=\"font-size: large;\">2\u00e8me formule<\/span><\/li>\n<li><span style=\"font-size: large;\">3\u00e8me formule<\/span><\/li>\n<li><span style=\"font-size: large;\">R\u00e9sum\u00e9<\/span><\/li>\n<li><span style=\"font-size: large;\">Encha\u00eenement des trois formules<\/span><\/li>\n<\/ul>\n<p align=\"LEFT\"><span style=\"font-size: large;\"><strong>3\u00e8me<\/strong> <i><b>partie<\/b><\/i><\/span><\/p>\n<ul>\n<li><span style=\"font-size: large;\">Improvisation sur une nouvelle grille d&#8217;accords<\/span><\/li>\n<li><span style=\"font-size: large;\">La nouvelle s\u00e9quence d&#8217;accords<\/span><\/li>\n<li><span style=\"font-size: large;\">Encha\u00eenement des accords<\/span><\/li>\n<li><span style=\"font-size: large;\">1\u00e8re formule pianistique sur la nouvelle grille d&#8217;accords<\/span><\/li>\n<li><span style=\"font-size: large;\">2\u00e8me formule pianistique sur la nouvelle grille d&#8217;accords<\/span><\/li>\n<li><span style=\"font-size: large;\">3\u00e8me formule pianistique sur la nouvelle grille d&#8217;accords<\/span><\/li>\n<li><span style=\"font-size: large;\">Encha\u00eenement des trois formules sur la grille d&#8217;accords<\/span><\/li>\n<\/ul>\n<p align=\"LEFT\"><span style=\"font-size: large;\"><em><strong>Dur\u00e9e totale 1 heure, 2 mn, 48 s<\/strong><\/em><br \/>\n<\/span><\/p>\n","protected":false},"excerpt":{"rendered":"<p>&nbsp; Premier de la s\u00e9rie &#8220;Piano, des Clefs pour Improviser&#8221;, ce cours vid\u00e9o t\u00e9l\u00e9chargeable vous dira tout sur les accords majeurs et mineurs, des exercices de base \u00e0 l&#8217;improvisation finale. Le Pack t\u00e9l\u00e9chargeable comprend le cours vid\u00e9o (MP4), le chapitrage complet du film, les partitions au format PDF. &nbsp; IMPROVISER SUR LES ACCORDS DE QUINTES [&hellip;]<\/p>\n","protected":false},"featured_media":204,"comment_status":"closed","ping_status":"closed","template":"","meta":[],"product_brand":[],"product_cat":[22,17,18],"product_tag":[],"class_list":{"0":"post-203","1":"product","2":"type-product","3":"status-publish","4":"has-post-thumbnail","6":"product_cat-cours-video-telechargeable","7":"product_cat-les-clefs-du-clavier","8":"product_cat-mes-methodes-et-partitions","10":"first","11":"instock","12":"sale","13":"downloadable","14":"virtual","15":"purchasable","16":"product-type-simple"},"jetpack_sharing_enabled":true,"_links":{"self":[{"href":"https:\/\/www.musicrea-jmc.fr\/boutique\/wp-json\/wp\/v2\/product\/203","targetHints":{"allow":["GET"]}}],"collection":[{"href":"https:\/\/www.musicrea-jmc.fr\/boutique\/wp-json\/wp\/v2\/product"}],"about":[{"href":"https:\/\/www.musicrea-jmc.fr\/boutique\/wp-json\/wp\/v2\/types\/product"}],"replies":[{"embeddable":true,"href":"https:\/\/www.musicrea-jmc.fr\/boutique\/wp-json\/wp\/v2\/comments?post=203"}],"wp:featuredmedia":[{"embeddable":true,"href":"https:\/\/www.musicrea-jmc.fr\/boutique\/wp-json\/wp\/v2\/media\/204"}],"wp:attachment":[{"href":"https:\/\/www.musicrea-jmc.fr\/boutique\/wp-json\/wp\/v2\/media?parent=203"}],"wp:term":[{"taxonomy":"product_brand","embeddable":true,"href":"https:\/\/www.musicrea-jmc.fr\/boutique\/wp-json\/wp\/v2\/product_brand?post=203"},{"taxonomy":"product_cat","embeddable":true,"href":"https:\/\/www.musicrea-jmc.fr\/boutique\/wp-json\/wp\/v2\/product_cat?post=203"},{"taxonomy":"product_tag","embeddable":true,"href":"https:\/\/www.musicrea-jmc.fr\/boutique\/wp-json\/wp\/v2\/product_tag?post=203"}],"curies":[{"name":"wp","href":"https:\/\/api.w.org\/{rel}","templated":true}]}}