{"id":137,"date":"2018-03-16T20:40:49","date_gmt":"2018-03-16T19:40:49","guid":{"rendered":"https:\/\/www.musicrea-jmc.fr\/boutique\/?post_type=product&#038;p=137"},"modified":"2020-05-11T11:36:52","modified_gmt":"2020-05-11T09:36:52","slug":"bach-pere-et-fils","status":"publish","type":"product","link":"https:\/\/www.musicrea-jmc.fr\/boutique\/produit\/bach-pere-et-fils\/","title":{"rendered":"Bach P\u00e8re &#038; Fils"},"content":{"rendered":"<audio class=\"wp-audio-shortcode\" id=\"audio-137-1\" preload=\"none\" style=\"width: 100%;\" controls=\"controls\"><source type=\"audio\/mpeg\" src=\"https:\/\/www.musicrea-jmc.fr\/boutique\/wp-content\/uploads\/sites\/2\/2018\/03\/Bach-P\u00e8re-et-Fils-extrait-MP3.mp3?_=1\" \/><a href=\"https:\/\/www.musicrea-jmc.fr\/boutique\/wp-content\/uploads\/sites\/2\/2018\/03\/Bach-P\u00e8re-et-Fils-extrait-MP3.mp3\">https:\/\/www.musicrea-jmc.fr\/boutique\/wp-content\/uploads\/sites\/2\/2018\/03\/Bach-P\u00e8re-et-Fils-extrait-MP3.mp3<\/a><\/audio>\n<p><strong>JS Bach :<\/strong><\/p>\n<ul>\n<li>Praeludium<\/li>\n<li>Pr\u00e9lude en do majeur BWV 933<\/li>\n<li>Pr\u00e9lude en do mineur BWV 999<\/li>\n<\/ul>\n<p><strong>C P E Bach :<\/strong><\/p>\n<ul>\n<li>Solffegietto<\/li>\n<\/ul>\n<p><em><strong>Le pack disponible en t\u00e9l\u00e9chargement imm\u00e9diat comprend :<\/strong><\/em><\/p>\n<ul>\n<li>Les partitions au format PDF, pr\u00eates \u00e0 l&#8217;impression.<\/li>\n<li>Les enregistrements audio, mains s\u00e9par\u00e9es&amp;mains ensemble.<\/li>\n<li>Les vid\u00e9os &#8220;vue clavier&#8221; avec la partition d\u00e9filante.<\/li>\n<\/ul>\n<p>&nbsp;<\/p>\n","protected":false},"excerpt":{"rendered":"<p>JS Bach : Praeludium Pr\u00e9lude en do majeur BWV 933 Pr\u00e9lude en do mineur BWV 999 C P E Bach : Solffegietto Le pack disponible en t\u00e9l\u00e9chargement imm\u00e9diat comprend : Les partitions au format PDF, pr\u00eates \u00e0 l&#8217;impression. Les enregistrements audio, mains s\u00e9par\u00e9es&amp;mains ensemble. Les vid\u00e9os &#8220;vue clavier&#8221; avec la partition d\u00e9filante. &nbsp;<\/p>\n","protected":false},"featured_media":80,"comment_status":"closed","ping_status":"closed","template":"","meta":[],"product_brand":[],"product_cat":[17],"product_tag":[],"class_list":{"0":"post-137","1":"product","2":"type-product","3":"status-publish","4":"has-post-thumbnail","6":"product_cat-les-clefs-du-clavier","8":"first","9":"instock","10":"sale","11":"downloadable","12":"virtual","13":"purchasable","14":"product-type-simple"},"jetpack_sharing_enabled":true,"_links":{"self":[{"href":"https:\/\/www.musicrea-jmc.fr\/boutique\/wp-json\/wp\/v2\/product\/137","targetHints":{"allow":["GET"]}}],"collection":[{"href":"https:\/\/www.musicrea-jmc.fr\/boutique\/wp-json\/wp\/v2\/product"}],"about":[{"href":"https:\/\/www.musicrea-jmc.fr\/boutique\/wp-json\/wp\/v2\/types\/product"}],"replies":[{"embeddable":true,"href":"https:\/\/www.musicrea-jmc.fr\/boutique\/wp-json\/wp\/v2\/comments?post=137"}],"wp:featuredmedia":[{"embeddable":true,"href":"https:\/\/www.musicrea-jmc.fr\/boutique\/wp-json\/wp\/v2\/media\/80"}],"wp:attachment":[{"href":"https:\/\/www.musicrea-jmc.fr\/boutique\/wp-json\/wp\/v2\/media?parent=137"}],"wp:term":[{"taxonomy":"product_brand","embeddable":true,"href":"https:\/\/www.musicrea-jmc.fr\/boutique\/wp-json\/wp\/v2\/product_brand?post=137"},{"taxonomy":"product_cat","embeddable":true,"href":"https:\/\/www.musicrea-jmc.fr\/boutique\/wp-json\/wp\/v2\/product_cat?post=137"},{"taxonomy":"product_tag","embeddable":true,"href":"https:\/\/www.musicrea-jmc.fr\/boutique\/wp-json\/wp\/v2\/product_tag?post=137"}],"curies":[{"name":"wp","href":"https:\/\/api.w.org\/{rel}","templated":true}]}}