{"id":150,"date":"2018-05-22T14:53:39","date_gmt":"2018-05-22T12:53:39","guid":{"rendered":"https:\/\/www.musicrea-jmc.fr\/boutique\/?page_id=150"},"modified":"2018-05-22T14:54:13","modified_gmt":"2018-05-22T12:54:13","slug":"mentions-legales-et-techniques","status":"publish","type":"page","link":"https:\/\/www.musicrea-jmc.fr\/boutique\/mentions-legales-et-techniques\/","title":{"rendered":"Mentions L\u00e9gales et Techniques"},"content":{"rendered":"<p>&nbsp;<\/p>\n<h3>1. Sp\u00e9cifications techniques :<\/h3>\n<p>La visualisation des fichiers au format PDF n\u00e9cessite un logiciel sp\u00e9cifique tel que Adobe Reader (gratuit, t\u00e9l\u00e9chargeable <a href=\"https:\/\/get.adobe.com\/fr\/reader\/\" target=\"_blank\" rel=\"noopener\">ici<\/a>).<\/p>\n<p>Ce site :<\/p>\n<ul>\n<li>est pr\u00e9vu pour une r\u00e9solution minimale de 1024&#215;768 et s&#8217;adapte aux smartphones et tablettes.<\/li>\n<li>a \u00e9t\u00e9 test\u00e9 avec <a title=\"Navigateur Web Rapide et S\u00fbr\" href=\"https:\/\/www.vivaldi.com\/\" target=\"_blank\" rel=\"noopener\">Vivaldi<\/a>, <a title=\"Navigateur Web\" href=\"https:\/\/www.mozilla.org\/fr\/firefox\/new\/\" target=\"_blank\" rel=\"noopener\">Firefox<\/a> et <a title=\"Navigateur Web\" href=\"https:\/\/www.google.fr\/chrome\/browser\/desktop\/\" target=\"_blank\" rel=\"noopener\">Google Chrome<\/a><\/li>\n<li>est cod\u00e9 selon la norme HTML 5 et CSS3<\/li>\n<li>a \u00e9t\u00e9 r\u00e9alis\u00e9 \u00e0 l\u2019aide du CMS libre WordPress du th\u00e8me Nirvana (<a href=\"http:\/\/www.cryoutcreations.eu\/\" target=\"_blank\" rel=\"noopener\">Cryout Creations<\/a>) et du th\u00e8me Market (<a href=\"https:\/\/rohitink.com\/2014\/03\/13\/market\/\" target=\"_blank\" rel=\"noopener\">Rohitink<\/a>) pour la boutique<\/li>\n<li>base sa mise en page sur une portion de code r\u00e9alis\u00e9e par <a href=\"https:\/\/www.sebservices.net\/\" target=\"_blank\" rel=\"noopener\">S\u00e9b Services<\/a>.<\/li>\n<\/ul>\n<h3>2. Mise en garde g\u00e9n\u00e9rale :<\/h3>\n<p>Les services de MUSICREA mettent tout en \u0153uvre pour offrir aux visiteurs du site Web des informations fiables et v\u00e9rifi\u00e9es. Cependant, malgr\u00e9 tous les soins apport\u00e9s, le site peut comporter des inexactitudes, des d\u00e9fauts de mise \u00e0 jour ou des erreurs typographiques. Nous remercions les utilisateurs du site de nous faire part d\u2019\u00e9ventuelles omissions, erreurs ou corrections (en particulier les liens morts), en contactant le webmestre.<\/p>\n<h3>3. Propri\u00e9taire, Editeur et H\u00e9bergeur du site :<\/h3>\n<h4>3.1 Propri\u00e9taire \/ Editeur<\/h4>\n<p>MUSICREA<br \/>\n Jean-Marie CHARLES <br \/>\n 74 rue St Jacques <br \/>\n 68800 THANN <br \/>\n T\u00e9l. : 03 89 37 36 38<br \/>\n contact@musicrea-jmc.fr<\/p>\n<p>N\u00b0 SIRET : 439 469 172 00019<\/p>\n<h4>3.2 Webmaster \/ Editeur<\/h4>\n<p>SEB SERVICES &#8211; INFORMATIQUE<br \/>\n S\u00e9bastien MONTBROUSSOUS<br \/>\n 6 rue Andr\u00e9 Boulloche<br \/>\n 90300 Valdoie<br \/>\n T\u00e9l. : 06 63 40 47 10<br \/>\n sebastien@sebservices.net<\/p>\n<p>N\u00b0 SIRET : 829 332 485 00012<\/p>\n<h4>3.3 H\u00e9bergeur<\/h4>\n<p>O2SWITCH<br \/>\n 222-224 Boulevard Gustave Flaubert<br \/>\n 63000 Clermont-Ferrand<br \/>\n 04 44 44 60 40<br \/>\n commercial@o2switch.fr<\/p>\n<p>SARL au capital de 100 000 \u20ac<br \/>\n N\u00b0 SIRET 510 909 807 00024<br \/>\n RCS Clermont-Ferrand &#8211; Marque d\u00e9pos\u00e9e INPI<\/p>\n<h3>4. Responsables de la publication du contenu :<\/h3>\n<p>M. Jean-Marie CHARLES, M. S\u00e9bastien MONTBROUSSOUS.<\/p>\n<p>&nbsp;<\/p>\n<h3>5. Politique de confidentialit\u00e9<\/h3>\n<h4>5.1 Informatique et libert\u00e9s<\/h4>\n<p>Les informations qui vous concernent sont destin\u00e9es \u00e0 MUSICREA. Nous nous engageons \u00e0 respecter les dispositions de la loi sur l\u2019informatique et les libert\u00e9s (article 27 de la loi n\u00b078-17 du 6 janvier 1978). En cons\u00e9quence, vous disposez d\u2019un droit d\u2019acc\u00e8s, de modification, de rectification et de suppression des donn\u00e9es qui vous concernent. Par ailleurs, toutes les donn\u00e9es pr\u00e9lev\u00e9es ne seront ni revendues, ni communiqu\u00e9es \u00e0 des tiers. MUSICREA est d\u00e9clar\u00e9 \u00e0 la CNIL sous le num\u00e9ro .<\/p>\n<h4>5.2\u00a0Donn\u00e9es personnelles et R\u00e9glementation G\u00e9n\u00e9rale de Protection des Donn\u00e9es (RGPD mise en application le 25 mai 2018) :<\/h4>\n<p>Nous sommes susceptibles de r\u00e9colter des donn\u00e9es personnelles par l\u2019interm\u00e9diaire de nos formulaires de contact ou de nos formulaires d\u2019abonnement. Ces donn\u00e9es sont : le nom, le pr\u00e9nom, l\u2019adresse postale, le t\u00e9l\u00e9phone, l\u2019adresse email et toute autre information communiqu\u00e9e par un tiers vers ce site.<\/p>\n<p>Ces donn\u00e9es seront utilis\u00e9es dans le cadre exclusif d\u2019une \u00e9ventuelle facturation et\/ou de l\u2019envoi d\u2019une newsletter par voie \u00e9lectronique et\/ou de l\u2019enregistrement d\u2019un rendez-vous dans le cadre de la relation entreprise\/client.<\/p>\n<p>Ces donn\u00e9es seront stock\u00e9es sur nos sites dans un d\u00e9lai maximum pr\u00e9vu par la loi (trois ans dans le cadre du marketing, six ans dans le cadre d\u2019une facturation).<\/p>\n<p>Vous pouvez \u00e0 tout moment demander une rectification \/ suppression des donn\u00e9es vous concernant en contactant le <a href=\"mailto:sebastien@sebservices.net\">webmaster<\/a>.<\/p>\n<h4>5.3 Donn\u00e9es \u00e0 caract\u00e8re non personnel et utilisation des cookies :<\/h4>\n<p>Nous sommes susceptibles d\u2019obtenir des renseignements obtenus automatiquement mais qui ne peuvent, en aucun cas, \u00eatre associ\u00e9s \u00e0 une personne. Ces renseignements concernent le type de navigateur internet que vous utilisez, le syst\u00e8me de votre ordinateur et le nom du domaine par lequel vous avez acc\u00e9d\u00e9 \u00e0 notre site.<\/p>\n<p>Lors de votre visite sur notre site, nous sommes susceptibles d\u2019implanter des cookies sur votre ordinateur. Un cookie ne nous permet pas de vous identifier. De mani\u00e8re g\u00e9n\u00e9rale, il enregistre des informations relatives \u00e0 la navigation de votre ordinateur sur notre site (les pages que vous avez consult\u00e9es, la date et l\u2019heure de la consultation, etc.) que nous pourrons lire lors de vos visites ult\u00e9rieures. Vous pouvez naturellement vous opposer \u00e0 l\u2019enregistrement de cookies en configurant votre navigateur en cons\u00e9quence. Vous pouvez \u00e9galement supprimer les cookies \u00e0 tout moment et individuellement en vous rapportant au manuel d\u2019utilisation de votre syst\u00e8me d\u2019exploitation.<\/p>\n<h3>6. Liens hypertextes :<\/h3>\n<p>Les utilisateurs sont formellement inform\u00e9s que les sites auxquels ils peuvent acc\u00e9der par l\u2019interm\u00e9diaire des liens hypertextes ne nous appartiennent pas. MUSICREA d\u00e9cline toute responsabilit\u00e9 quant au contenu des informations fournies sur ces sites au titre de l\u2019activation du lien. Toute cr\u00e9ation par un tiers, de lien hypertexte en direction de l\u2019une des pages ou cadres du pr\u00e9sent site n\u00e9cessite notre accord pr\u00e9alable.<\/p>\n<h3>7. Droits de reproduction :<\/h3>\n<p>En application de la loi du 11 mars 1957 (art. 41) et du code de la propri\u00e9t\u00e9 intellectuelle du 1er juillet 1992 : L\u2019ensemble des textes, illustrations, photographies, plans, dessins, animations, vid\u00e9os, sons contenus sur ce site internet ne peuvent pas \u00eatre utilis\u00e9s ou reproduits sans obtention de l\u2019autorisation de l\u2019\u00e9diteur. Il en va de m\u00eame pour la traduction, l\u2019adaptation ou la transformation, l\u2019arrangement ou la reproduction par un art ou un proc\u00e9d\u00e9 quelconque. Pour toute demande de reproduction ou d\u2019utilisation d\u2019\u00e9l\u00e9ments contenus sur le site internet de MUSICREA, merci de bien vouloir contacter le <a href=\"mailto:sebastien@sebservices.net\">webmaster<\/a>.<\/p>\n","protected":false},"excerpt":{"rendered":"<p>&nbsp; 1. Sp\u00e9cifications techniques : La visualisation des fichiers au format PDF n\u00e9cessite un logiciel sp\u00e9cifique tel que Adobe Reader (gratuit, t\u00e9l\u00e9chargeable ici). Ce site : est pr\u00e9vu pour une r\u00e9solution minimale de 1024&#215;768 et s&#8217;adapte aux smartphones et tablettes. a \u00e9t\u00e9 test\u00e9 avec Vivaldi, Firefox et Google Chrome est cod\u00e9 selon la norme HTML [&hellip;]<\/p>\n","protected":false},"author":1,"featured_media":0,"parent":0,"menu_order":0,"comment_status":"closed","ping_status":"closed","template":"","meta":{"footnotes":""},"class_list":["post-150","page","type-page","status-publish","hentry"],"jetpack_shortlink":"https:\/\/wp.me\/P8BZme-2q","jetpack_sharing_enabled":true,"_links":{"self":[{"href":"https:\/\/www.musicrea-jmc.fr\/boutique\/wp-json\/wp\/v2\/pages\/150","targetHints":{"allow":["GET"]}}],"collection":[{"href":"https:\/\/www.musicrea-jmc.fr\/boutique\/wp-json\/wp\/v2\/pages"}],"about":[{"href":"https:\/\/www.musicrea-jmc.fr\/boutique\/wp-json\/wp\/v2\/types\/page"}],"author":[{"embeddable":true,"href":"https:\/\/www.musicrea-jmc.fr\/boutique\/wp-json\/wp\/v2\/users\/1"}],"replies":[{"embeddable":true,"href":"https:\/\/www.musicrea-jmc.fr\/boutique\/wp-json\/wp\/v2\/comments?post=150"}],"version-history":[{"count":2,"href":"https:\/\/www.musicrea-jmc.fr\/boutique\/wp-json\/wp\/v2\/pages\/150\/revisions"}],"predecessor-version":[{"id":152,"href":"https:\/\/www.musicrea-jmc.fr\/boutique\/wp-json\/wp\/v2\/pages\/150\/revisions\/152"}],"wp:attachment":[{"href":"https:\/\/www.musicrea-jmc.fr\/boutique\/wp-json\/wp\/v2\/media?parent=150"}],"curies":[{"name":"wp","href":"https:\/\/api.w.org\/{rel}","templated":true}]}}